{"id":1608,"date":"2020-05-13T16:52:38","date_gmt":"2020-05-13T14:52:38","guid":{"rendered":"http:\/\/www.cifpn1.com\/fol\/?page_id=1608"},"modified":"2020-12-30T19:07:14","modified_gmt":"2020-12-30T18:07:14","slug":"adaptaciones-curriculares-covid-19-anexos-de-las-programaciones","status":"publish","type":"page","link":"https:\/\/www.cifpn1.com\/fol\/?page_id=1608","title":{"rendered":"Informaci\u00f3n a alumnado y familias"},"content":{"rendered":"<p style=\"text-align: justify;\">Adaptaciones curriculares efectuadas en las Programaciones Did\u00e1cticas seg\u00fan Instrucciones de Actuaci\u00f3n a desarrollar durante el Tercer Trimestre del curso 2019-2020 y el inicio del curso 2020-2021, dictadas por la Direcci\u00f3n General de Formaci\u00f3n Profesional y Educaci\u00f3n Permanente, con fecha 24 de abril de 2020, como consecuencia de la situaci\u00f3n creada en el \u00e1mbito educativo por pandemia ocasionada por el Covid-19.<\/p>\n<p style=\"text-align: center;\"><u><span style=\"font-size: 24px;\"><strong>Adaptaciones Curriculares Programaciones<\/strong><\/span><\/u><\/p>\n<p><strong>Familia Profesional &#8211; Transporte y Mantenimiento de Veh\u00edculos:<\/strong><\/p>\n<p><a href=\"http:\/\/www.cifpn1.com\/fol\/wp-content\/uploads\/2020\/05\/ANEXO-MODIF-PROGRAM-MUC1.pdf\">Anexo<\/a>&nbsp;CFGM de Carrocer\u00eda.<\/p>\n<p><a href=\"http:\/\/www.cifpn1.com\/fol\/wp-content\/uploads\/2020\/05\/ANEXO-MODIF-PROGRAM-MUE1-COVID-19.pdf\">Anexo<\/a> CFGM de Electromec\u00e1nica de Veh\u00edculos<\/p>\n<p><a href=\"http:\/\/www.cifpn1.com\/fol\/wp-content\/uploads\/2020\/05\/ANEXO-PROGRAMACI\u00d3N-SUA-11.pdf\">Anexo<\/a> CFGS de Automoci\u00f3n<\/p>\n<p><a href=\"http:\/\/www.cifpn1.com\/fol\/wp-content\/uploads\/2020\/05\/ANEXO-MODIF-PROGRAM-COVID-19SUT1-FOL.pdf\">Anexo<\/a> CFGS de Mantenimiento de Aeromec\u00e1nica<\/p>\n<p>&nbsp;<\/p>\n<p><strong>Familia Profesional &#8211; Electricidad-Electr\u00f3nica:<\/strong><\/p>\n<p><a href=\"http:\/\/www.cifpn1.com\/fol\/wp-content\/uploads\/2020\/05\/ANEXO-PROGRAMACI\u00d3N-MEE1.pdf\">Anexo<\/a> CFGM de Instalaciones El\u00e9ctricas y Autom\u00e1ticas.<\/p>\n<p><a href=\"http:\/\/www.cifpn1.com\/fol\/wp-content\/uploads\/2020\/05\/ANEXO-PROGRAMACION-IEA-1-FOL-3\u00ba-TRIMESTRE-2020.pdf\">Anexo<\/a>&nbsp;CFGM de Instalaciones El\u00e9ctricas y Autom\u00e1ticas (Distancia)<\/p>\n<p><a href=\"http:\/\/www.cifpn1.com\/fol\/wp-content\/uploads\/2020\/05\/ANEXO-MODIF-PROGRAMACION-MJE1.pdf\">Anexo<\/a> CFGM de Instalaciones de Telecomunicaciones.<\/p>\n<p><a href=\"http:\/\/www.cifpn1.com\/fol\/wp-content\/uploads\/2020\/05\/ANEXO-MODIF-PROGRAM-COVID-19-SEI1-FOL.pdf\">Anexo<\/a>&nbsp;CFGS de Sistemas Electrot\u00e9cnicos y Automatizados.<\/p>\n<p><a href=\"http:\/\/www.cifpn1.com\/fol\/wp-content\/uploads\/2020\/05\/ANEXO-PROGRAMACION-SEA-1-FOL-3\u00ba-TRIMESTRE-2020.pdf\">Anexo<\/a>&nbsp;CFGS de Sistemas Electrot\u00e9cnicos y Automatizados (Distancia)<\/p>\n<p><a href=\"http:\/\/www.cifpn1.com\/fol\/wp-content\/uploads\/2020\/05\/ANEXO-MODIF-PROGRAMACION-SJM1.pdf\">Anexo<\/a> CFGS de Mantenimiento Electr\u00f3nico.<\/p>\n<p><a href=\"http:\/\/www.cifpn1.com\/fol\/wp-content\/uploads\/2020\/05\/ANEXO_PROGRAMACI\u00d3N_1597_FOL_SEM_COVID-19.pdf\">Anexo<\/a> CFGS de Electromedicina Cl\u00ednica.<\/p>\n<p>&nbsp;<\/p>\n<p><strong>Familia Profesonal- Fabricaci\u00f3n Mec\u00e1nica:<\/strong><\/p>\n<p><a href=\"http:\/\/www.cifpn1.com\/fol\/wp-content\/uploads\/2020\/05\/ANEXO-MODIF-PROGRAM-COVID-19-MFM1-FOL.pdf\">Anexo<\/a> CFGM de Mecanizado<\/p>\n<p><a href=\"http:\/\/www.cifpn1.com\/fol\/wp-content\/uploads\/2020\/05\/ANEXO-MODIF-PROGRAM-SFP1-COVID-19.pdf\">Anexo<\/a>&nbsp;CFGS de Programaci\u00f3n de la Producci\u00f3n en Fabricaci\u00f3n Mec\u00e1nica.<\/p>\n<p>&nbsp;<\/p>\n<p><strong>Familia Profesonal- Instalaci\u00f3n y Mantenimiento:<\/strong><\/p>\n<p><a href=\"http:\/\/www.cifpn1.com\/fol\/wp-content\/uploads\/2020\/05\/ANEXO-MODIF-PROGRAMACI\u00d3N-SMI-1.pdf\">Anexo<\/a> CFGS Mecatr\u00f3nica Industrial.<\/p>\n<p>&nbsp;<\/p>\n<p><strong>Familia Profesional-Mar\u00edtimo-Pesquera:&nbsp;<\/strong><\/p>\n<p><a href=\"http:\/\/www.cifpn1.com\/fol\/wp-content\/uploads\/2020\/05\/ANEXO-MODIF-PROGRAMACION-MMB1-FOL.pdf\">Anexo<\/a>&nbsp;FOL. CFGM de Mantenimiento y Control de la Maquinaria de Buques y Embarcaciones<\/p>\n<p><a href=\"http:\/\/www.cifpn1.com\/fol\/wp-content\/uploads\/2020\/05\/ANEXO-PROGRAMACION-MMB-1-EIE-3\u00ba-TRIMESTRE-2020-2.pdf\">Anexo<\/a>&nbsp;EIE. CFGM de Mantenimiento y Control de la Maquinaria de Buques y Embarcaciones<\/p>\n","protected":false},"excerpt":{"rendered":"<p>Adaptaciones curriculares efectuadas en las Programaciones Did\u00e1cticas seg\u00fan Instrucciones de Actuaci\u00f3n a desarrollar durante el Tercer Trimestre del curso 2019-2020 y el inicio del curso 2020-2021, dictadas por la Direcci\u00f3n General de Formaci\u00f3n Profesional y Educaci\u00f3n Permanente, con fecha 24 &hellip; <a href=\"https:\/\/www.cifpn1.com\/fol\/?page_id=1608\">Contin\u00faa leyendo <span class=\"meta-nav\">&rarr;<\/span><\/a><\/p>\n","protected":false},"author":7,"featured_media":0,"parent":1849,"menu_order":0,"comment_status":"closed","ping_status":"closed","template":"","meta":{"ngg_post_thumbnail":0,"footnotes":""},"class_list":["post-1608","page","type-page","status-publish","hentry"],"_links":{"self":[{"href":"https:\/\/www.cifpn1.com\/fol\/index.php?rest_route=\/wp\/v2\/pages\/1608","targetHints":{"allow":["GET"]}}],"collection":[{"href":"https:\/\/www.cifpn1.com\/fol\/index.php?rest_route=\/wp\/v2\/pages"}],"about":[{"href":"https:\/\/www.cifpn1.com\/fol\/index.php?rest_route=\/wp\/v2\/types\/page"}],"author":[{"embeddable":true,"href":"https:\/\/www.cifpn1.com\/fol\/index.php?rest_route=\/wp\/v2\/users\/7"}],"replies":[{"embeddable":true,"href":"https:\/\/www.cifpn1.com\/fol\/index.php?rest_route=%2Fwp%2Fv2%2Fcomments&post=1608"}],"version-history":[{"count":5,"href":"https:\/\/www.cifpn1.com\/fol\/index.php?rest_route=\/wp\/v2\/pages\/1608\/revisions"}],"predecessor-version":[{"id":1846,"href":"https:\/\/www.cifpn1.com\/fol\/index.php?rest_route=\/wp\/v2\/pages\/1608\/revisions\/1846"}],"up":[{"embeddable":true,"href":"https:\/\/www.cifpn1.com\/fol\/index.php?rest_route=\/wp\/v2\/pages\/1849"}],"wp:attachment":[{"href":"https:\/\/www.cifpn1.com\/fol\/index.php?rest_route=%2Fwp%2Fv2%2Fmedia&parent=1608"}],"curies":[{"name":"wp","href":"https:\/\/api.w.org\/{rel}","templated":true}]}}