{"id":1045,"date":"2019-12-28T00:36:13","date_gmt":"2019-12-27T23:36:13","guid":{"rendered":"http:\/\/www.cifpn1.com\/fmecanica\/?page_id=1045"},"modified":"2021-12-01T19:10:09","modified_gmt":"2021-12-01T18:10:09","slug":"sobre-este-blog","status":"publish","type":"page","link":"https:\/\/www.cifpn1.com\/fmecanica\/?page_id=1045","title":{"rendered":"Sobre este blog"},"content":{"rendered":"<table style=\"width: 100%;\" border=\"0\" cellspacing=\"0\" cellpadding=\"10\" align=\"center\">\n<tbody>\n<tr>\n<td style=\"vertical-align: top;\">\n<h2>Entidad responsable<\/h2>\n<ul>\n<li style=\"text-align: justify; margin-left: 40px;\">Nombre:\u00a0Centro Integrado de Formaci\u00f3n Profesional N\u00famero Uno<\/li>\n<li style=\"text-align: justify; margin-left: 40px;\">Direcci\u00f3n: c\/ Francisco Rivas Moreno, s\/n<br \/>\nCP: 39011 ; Santander<br \/>\nCantabria, Espa\u00f1a<\/li>\n<li style=\"text-align: justify; margin-left: 40px;\">Tel\u00e9fono: 942 323845<\/li>\n<li style=\"text-align: justify; margin-left: 40px;\">Email:\u00a0\u00a0<a href=\"http:\/\/cifpn1@cifpn1.es\/\" target=\"_blank\" rel=\"noopener\">cifpn1@cifpn1.es<\/a><\/li>\n<li style=\"text-align: justify; margin-left: 40px;\">URL:\u00a0<a href=\"http:\/\/cifp.es\/\" target=\"_blank\" rel=\"noopener\">http:\/\/cifp.es<\/a><\/li>\n<\/ul>\n<h2>Gestor del blog<\/h2>\n<p style=\"margin-left: 40px; text-align: justify;\">La persona gestor de este blog es: Manuel \u00c1ngel Guti\u00e9rrez Saiz, profesor del departamento de Fabricaci\u00f3n Mec\u00e1nica.<\/p>\n<p style=\"margin-left: 40px; text-align: justify;\">En el dise\u00f1o y edici\u00f3n de la plantilla tambi\u00e9n ha trabajado Jos\u00e9 Francisco Alonso Calvo, profesor del departamento de Electricidad y Electr\u00f3nica del cifpn\u00ba1.<\/p>\n<h2>Plataforma de publicaci\u00f3n<\/h2>\n<p style=\"margin-left: 40px;\">Se ha elegido\u00a0<em>Wordpress\u00a0<\/em>como herramienta de publicaci\u00f3n<\/p>\n<p style=\"margin-left: 40px;\">La plantilla base es\u00a0<em>Coraline<\/em>, ver. 1.5.2; y ha sido modificada para adaptarla a este blog por el gestor.<\/p>\n<\/td>\n<td style=\"text-align: right;\"><img style=\"width: 400px; height: 549px;\" src=\"http:\/\/www.cifpn1.com\/fmecanica\/wp-content\/uploads\/file\/CNM_1_recorte_400.jpg\" alt=\"\" \/><\/td>\n<\/tr>\n<\/tbody>\n<\/table>\n<p>&nbsp;<\/p>\n","protected":false},"excerpt":{"rendered":"<p>Entidad responsable Nombre:\u00a0Centro Integrado de Formaci\u00f3n Profesional N\u00famero Uno Direcci\u00f3n: c\/ Francisco Rivas Moreno, s\/n CP: 39011 ; Santander Cantabria, Espa\u00f1a Tel\u00e9fono: 942 323845 Email:\u00a0\u00a0cifpn1@cifpn1.es URL:\u00a0http:\/\/cifp.es Gestor del blog La persona gestor de este blog es: Manuel \u00c1ngel Guti\u00e9rrez Saiz, &hellip; <a href=\"https:\/\/www.cifpn1.com\/fmecanica\/?page_id=1045\">Contin\u00faa leyendo <span class=\"meta-nav\">&rarr;<\/span><\/a><\/p>\n","protected":false},"author":2,"featured_media":0,"parent":1185,"menu_order":0,"comment_status":"closed","ping_status":"closed","template":"full-width-page.php","meta":[],"_links":{"self":[{"href":"https:\/\/www.cifpn1.com\/fmecanica\/index.php?rest_route=\/wp\/v2\/pages\/1045"}],"collection":[{"href":"https:\/\/www.cifpn1.com\/fmecanica\/index.php?rest_route=\/wp\/v2\/pages"}],"about":[{"href":"https:\/\/www.cifpn1.com\/fmecanica\/index.php?rest_route=\/wp\/v2\/types\/page"}],"author":[{"embeddable":true,"href":"https:\/\/www.cifpn1.com\/fmecanica\/index.php?rest_route=\/wp\/v2\/users\/2"}],"replies":[{"embeddable":true,"href":"https:\/\/www.cifpn1.com\/fmecanica\/index.php?rest_route=%2Fwp%2Fv2%2Fcomments&post=1045"}],"version-history":[{"count":5,"href":"https:\/\/www.cifpn1.com\/fmecanica\/index.php?rest_route=\/wp\/v2\/pages\/1045\/revisions"}],"predecessor-version":[{"id":1422,"href":"https:\/\/www.cifpn1.com\/fmecanica\/index.php?rest_route=\/wp\/v2\/pages\/1045\/revisions\/1422"}],"up":[{"embeddable":true,"href":"https:\/\/www.cifpn1.com\/fmecanica\/index.php?rest_route=\/wp\/v2\/pages\/1185"}],"wp:attachment":[{"href":"https:\/\/www.cifpn1.com\/fmecanica\/index.php?rest_route=%2Fwp%2Fv2%2Fmedia&parent=1045"}],"curies":[{"name":"wp","href":"https:\/\/api.w.org\/{rel}","templated":true}]}}